{"id":5382,"date":"2026-02-14T01:04:22","date_gmt":"2026-02-14T01:04:22","guid":{"rendered":"https:\/\/hotelcoma.com\/?page_id=5382"},"modified":"2026-04-16T13:26:32","modified_gmt":"2026-04-16T13:26:32","slug":"bikefriendly","status":"publish","type":"page","link":"https:\/\/hotelcoma.com\/es\/bikefriendly\/","title":{"rendered":"Bikefriendly"},"content":{"rendered":"\t\t<div data-elementor-type=\"wp-page\" data-elementor-id=\"5382\" class=\"elementor elementor-5382\" data-elementor-post-type=\"page\">\n\t\t\t\t<div class=\"elementor-element elementor-element-5e4c94a e-con-full e-flex e-con e-parent\" data-id=\"5e4c94a\" data-element_type=\"container\" data-e-type=\"container\" data-settings=\"{&quot;background_background&quot;:&quot;classic&quot;}\">\n\t\t<div class=\"elementor-element elementor-element-2765fc2 e-con-full e-flex e-con e-child\" data-id=\"2765fc2\" data-element_type=\"container\" data-e-type=\"container\" data-settings=\"{&quot;background_background&quot;:&quot;classic&quot;}\">\n\t\t\t\t<div class=\"elementor-element elementor-element-b6c53de elementor-invisible elementor-widget elementor-widget-heading\" data-id=\"b6c53de\" data-element_type=\"widget\" data-e-type=\"widget\" data-settings=\"{&quot;_animation&quot;:&quot;fadeInUp&quot;}\" data-widget_type=\"heading.default\">\n\t\t\t\t\t<h1 class=\"elementor-heading-title elementor-size-default\"><i>Un hotel pensado \npara ciclistas<\/i><br> en el coraz\u00f3n de Andorra<\/h1>\t\t\t\t<\/div>\n\t\t\t\t<\/div>\n\t\t\t\t<\/div>\n\t\t<div class=\"elementor-element elementor-element-828f273 e-flex e-con-boxed e-con e-parent\" data-id=\"828f273\" data-element_type=\"container\" data-e-type=\"container\">\n\t\t\t\t\t<div class=\"e-con-inner\">\n\t\t<div class=\"elementor-element elementor-element-1252a67 e-con-full e-flex elementor-invisible e-con e-child\" data-id=\"1252a67\" data-element_type=\"container\" data-e-type=\"container\" data-settings=\"{&quot;animation&quot;:&quot;fadeIn&quot;}\">\n\t\t\t\t<div class=\"elementor-element elementor-element-949023b elementor-widget__width-initial elementor-widget elementor-widget-heading\" data-id=\"949023b\" data-element_type=\"widget\" data-e-type=\"widget\" data-widget_type=\"heading.default\">\n\t\t\t\t\t<h1 class=\"elementor-heading-title elementor-size-default\">Hotel Coma<\/h1>\t\t\t\t<\/div>\n\t\t\t\t<div class=\"elementor-element elementor-element-29da679 elementor-widget elementor-widget-image\" data-id=\"29da679\" data-element_type=\"widget\" data-e-type=\"widget\" data-widget_type=\"image.default\">\n\t\t\t\t\t\t\t\t\t\t\t\t\t\t\t<img decoding=\"async\" width=\"414\" height=\"113\" data-src=\"https:\/\/hotelcoma.com\/wp-content\/uploads\/2026\/04\/logo-bikefriendly.png\" class=\"attachment-large size-large wp-image-6098 lazyload\" alt=\"logo de Bikefriendly\" data-srcset=\"https:\/\/hotelcoma.com\/wp-content\/uploads\/2026\/04\/logo-bikefriendly.png 414w, https:\/\/hotelcoma.com\/wp-content\/uploads\/2026\/04\/logo-bikefriendly-300x82.png 300w\" data-sizes=\"(max-width: 414px) 100vw, 414px\" src=\"data:image\/svg+xml;base64,PHN2ZyB3aWR0aD0iMSIgaGVpZ2h0PSIxIiB4bWxucz0iaHR0cDovL3d3dy53My5vcmcvMjAwMC9zdmciPjwvc3ZnPg==\" style=\"--smush-placeholder-width: 414px; --smush-placeholder-aspect-ratio: 414\/113;\" \/>\t\t\t\t\t\t\t\t\t\t\t\t\t\t\t<\/div>\n\t\t\t\t<div class=\"elementor-element elementor-element-ba5a458 elementor-widget__width-initial elementor-widget elementor-widget-heading\" data-id=\"ba5a458\" data-element_type=\"widget\" data-e-type=\"widget\" data-widget_type=\"heading.default\">\n\t\t\t\t\t<h1 class=\"elementor-heading-title elementor-size-default\">Servicios, rutas y comodidades dise\u00f1adas para disfrutar de la bicicleta en los Pirineos\n<\/h1>\t\t\t\t<\/div>\n\t\t\t\t<div class=\"elementor-element elementor-element-22b9794 elementor-widget__width-initial elementor-widget elementor-widget-text-editor\" data-id=\"22b9794\" data-element_type=\"widget\" data-e-type=\"widget\" data-widget_type=\"text-editor.default\">\n\t\t\t\t\t\t\t\t\t<p>En Hotel Coma encontrar\u00e1s instalaciones y servicios pensados especialmente para ciclistas que desean descubrir Andorra sobre dos ruedas.<\/p><p>Formamos parte de <strong>Bikefriendly<\/strong>, una certificaci\u00f3n que avala nuestro compromiso con ofrecer un alojamiento adaptado a las necesidades de los ciclistas, tanto de carretera como de monta\u00f1a.\u00a0<\/p><p>Tanto si vienes a entrenar como a disfrutar de rutas panor\u00e1micas por los Pirineos, aqu\u00ed encontrar\u00e1s comodidad, seguridad y el apoyo necesario durante tu estancia.<\/p>\t\t\t\t\t\t\t\t<\/div>\n\t\t\t\t<\/div>\n\t\t\t\t\t<\/div>\n\t\t\t\t<\/div>\n\t\t<div class=\"elementor-element elementor-element-c612712 e-con-full e-flex e-con e-parent\" data-id=\"c612712\" data-element_type=\"container\" data-e-type=\"container\">\n\t\t<div class=\"elementor-element elementor-element-02b472c e-con-full e-flex e-con e-child\" data-id=\"02b472c\" data-element_type=\"container\" data-e-type=\"container\">\n\t\t\t\t<div class=\"elementor-element elementor-element-17f95a4 elementor-widget elementor-widget-heading\" data-id=\"17f95a4\" data-element_type=\"widget\" data-e-type=\"widget\" data-widget_type=\"heading.default\">\n\t\t\t\t\t<h2 class=\"elementor-heading-title elementor-size-default\">Instalaciones y servicios <br>para ciclistas<\/h2>\t\t\t\t<\/div>\n\t\t\t\t<div class=\"elementor-element elementor-element-153f340 elementor-widget__width-initial elementor-widget elementor-widget-text-editor\" data-id=\"153f340\" data-element_type=\"widget\" data-e-type=\"widget\" data-widget_type=\"text-editor.default\">\n\t\t\t\t\t\t\t\t\t<p>Ponemos a tu disposici\u00f3n espacios y recursos pensados para que puedas cuidar tu bicicleta y recuperarte despu\u00e9s de cada jornada.<\/p><p>Entre nuestros servicios Bike Friendly encontr\u00e1s:<\/p><ul><li>Espacio seguro para guardar bicicletas<\/li><li>Zona equipada para peque\u00f1as reparaciones y ajustes<\/li><li>Herramientas b\u00e1sicas para mantenimiento<\/li><li>Informaci\u00f3n detallada sobre rutas desde el hotel<\/li><li>Asesoramiento personalizado seg\u00fan nivel y temporada.<\/li><\/ul><p>Todo pensado para que puedas centrarte en lo importante: disfrutar de la ruta.<\/p>\t\t\t\t\t\t\t\t<\/div>\n\t\t\t\t<\/div>\n\t\t<div class=\"elementor-element elementor-element-c7cf1f5 e-con-full e-flex e-con e-child\" data-id=\"c7cf1f5\" data-element_type=\"container\" data-e-type=\"container\">\n\t\t\t\t<div class=\"elementor-element elementor-element-edb6366 elementor-invisible elementor-widget elementor-widget-image\" data-id=\"edb6366\" data-element_type=\"widget\" data-e-type=\"widget\" data-settings=\"{&quot;_animation&quot;:&quot;fadeIn&quot;}\" data-widget_type=\"image.default\">\n\t\t\t\t\t\t\t\t\t\t\t\t\t\t\t<img fetchpriority=\"high\" decoding=\"async\" width=\"1200\" height=\"1432\" src=\"https:\/\/hotelcoma.com\/wp-content\/uploads\/2026\/03\/BIKE-2-e1773247015204.jpeg\" class=\"attachment-full size-full wp-image-5662\" alt=\"\" srcset=\"https:\/\/hotelcoma.com\/wp-content\/uploads\/2026\/03\/BIKE-2-e1773247015204.jpeg 1200w, https:\/\/hotelcoma.com\/wp-content\/uploads\/2026\/03\/BIKE-2-e1773247015204-251x300.jpeg 251w, https:\/\/hotelcoma.com\/wp-content\/uploads\/2026\/03\/BIKE-2-e1773247015204-858x1024.jpeg 858w, https:\/\/hotelcoma.com\/wp-content\/uploads\/2026\/03\/BIKE-2-e1773247015204-768x916.jpeg 768w\" sizes=\"(max-width: 1200px) 100vw, 1200px\" \/>\t\t\t\t\t\t\t\t\t\t\t\t\t\t\t<\/div>\n\t\t\t\t<\/div>\n\t\t\t\t<\/div>\n\t\t<div class=\"elementor-element elementor-element-4b36701 e-con-full e-flex e-con e-parent\" data-id=\"4b36701\" data-element_type=\"container\" data-e-type=\"container\">\n\t\t<div class=\"elementor-element elementor-element-2bdcda6 e-con-full e-flex e-con e-child\" data-id=\"2bdcda6\" data-element_type=\"container\" data-e-type=\"container\">\n\t\t\t\t<div class=\"elementor-element elementor-element-d94421c elementor-widget elementor-widget-heading\" data-id=\"d94421c\" data-element_type=\"widget\" data-e-type=\"widget\" data-widget_type=\"heading.default\">\n\t\t\t\t\t<h2 class=\"elementor-heading-title elementor-size-default\">Andorra, un destino ideal <br> para la bicicleta\n<\/h2>\t\t\t\t<\/div>\n\t\t\t\t<div class=\"elementor-element elementor-element-1c50c05 elementor-widget__width-initial elementor-widget elementor-widget-text-editor\" data-id=\"1c50c05\" data-element_type=\"widget\" data-e-type=\"widget\" data-widget_type=\"text-editor.default\">\n\t\t\t\t\t\t\t\t\t<p>Ubicado en Ordino, Hotel Coma es un punto de partida estrat\u00e9gico para acceder a rutas de carretera y monta\u00f1a en un entorno natural privilegiado.<\/p><p>Desde el hotel podr\u00e1s iniciar recorridos adaptados a distintos niveles, combinando deporte, paisaje y tranquilidad en cualquier \u00e9poca del a\u00f1o.\u00a0<\/p><p><a href=\"https:\/\/visitandorra.com\/es\/naturaleza--deportes\/ciclismo\/\" target=\"_blank\" rel=\"noopener\"><strong>Conoce las rutas del ciclismo haciendo click aqu\u00ed.<\/strong><\/a><\/p>\t\t\t\t\t\t\t\t<\/div>\n\t\t\t\t<\/div>\n\t\t<div class=\"elementor-element elementor-element-122094a e-con-full e-flex e-con e-child\" data-id=\"122094a\" data-element_type=\"container\" data-e-type=\"container\">\n\t\t\t\t<div class=\"elementor-element elementor-element-6260f53 elementor-invisible elementor-widget elementor-widget-image\" data-id=\"6260f53\" data-element_type=\"widget\" data-e-type=\"widget\" data-settings=\"{&quot;_animation&quot;:&quot;fadeIn&quot;}\" data-widget_type=\"image.default\">\n\t\t\t\t\t\t\t\t\t\t\t\t\t\t\t<img decoding=\"async\" width=\"1186\" height=\"886\" data-src=\"https:\/\/hotelcoma.com\/wp-content\/uploads\/2026\/03\/arcalis-coma-estiu-portada-01-e1773850477325.jpeg\" class=\"attachment-full size-full wp-image-5887 lazyload\" alt=\"Circuito de ciclismo\" data-srcset=\"https:\/\/hotelcoma.com\/wp-content\/uploads\/2026\/03\/arcalis-coma-estiu-portada-01-e1773850477325.jpeg 1186w, https:\/\/hotelcoma.com\/wp-content\/uploads\/2026\/03\/arcalis-coma-estiu-portada-01-e1773850477325-300x224.jpeg 300w, https:\/\/hotelcoma.com\/wp-content\/uploads\/2026\/03\/arcalis-coma-estiu-portada-01-e1773850477325-1024x765.jpeg 1024w, https:\/\/hotelcoma.com\/wp-content\/uploads\/2026\/03\/arcalis-coma-estiu-portada-01-e1773850477325-768x574.jpeg 768w\" data-sizes=\"(max-width: 1186px) 100vw, 1186px\" src=\"data:image\/svg+xml;base64,PHN2ZyB3aWR0aD0iMSIgaGVpZ2h0PSIxIiB4bWxucz0iaHR0cDovL3d3dy53My5vcmcvMjAwMC9zdmciPjwvc3ZnPg==\" style=\"--smush-placeholder-width: 1186px; --smush-placeholder-aspect-ratio: 1186\/886;\" \/>\t\t\t\t\t\t\t\t\t\t\t\t\t\t\t<\/div>\n\t\t\t\t<\/div>\n\t\t\t\t<\/div>\n\t\t<div class=\"elementor-element elementor-element-abc80f9 e-flex e-con-boxed e-con e-parent\" data-id=\"abc80f9\" data-element_type=\"container\" data-e-type=\"container\" data-settings=\"{&quot;background_background&quot;:&quot;classic&quot;}\">\n\t\t\t\t\t<div class=\"e-con-inner\">\n\t\t<div class=\"elementor-element elementor-element-57f0d42 e-con-full e-flex elementor-invisible e-con e-child\" data-id=\"57f0d42\" data-element_type=\"container\" data-e-type=\"container\" data-settings=\"{&quot;animation&quot;:&quot;fadeInUp&quot;}\">\n\t\t\t\t<div class=\"elementor-element elementor-element-78780de animated-slow elementor-invisible elementor-widget elementor-widget-heading\" data-id=\"78780de\" data-element_type=\"widget\" data-e-type=\"widget\" data-settings=\"{&quot;_animation&quot;:&quot;fadeIn&quot;}\" data-widget_type=\"heading.default\">\n\t\t\t\t\t<h2 class=\"elementor-heading-title elementor-size-default\">\u00bfPlaneando tu pr\u00f3xima salida en bici?\n<\/h2>\t\t\t\t<\/div>\n\t\t\t\t<\/div>\n\t\t<div class=\"elementor-element elementor-element-2d73cc5 e-con-full e-flex e-con e-child\" data-id=\"2d73cc5\" data-element_type=\"container\" data-e-type=\"container\">\n\t\t\t\t<div class=\"elementor-element elementor-element-e464087 elementor-widget__width-initial elementor-widget elementor-widget-text-editor\" data-id=\"e464087\" data-element_type=\"widget\" data-e-type=\"widget\" data-widget_type=\"text-editor.default\">\n\t\t\t\t\t\t\t\t\t<p>Reserva tu estancia y descubre Andorra sobre dos ruedas desde un hotel<br \/>preparado para ciclistas.<\/p>\t\t\t\t\t\t\t\t<\/div>\n\t\t\t\t<\/div>\n\t\t<div class=\"elementor-element elementor-element-d3b28f4 e-con-full e-flex elementor-invisible e-con e-child\" data-id=\"d3b28f4\" data-element_type=\"container\" data-e-type=\"container\" data-settings=\"{&quot;animation&quot;:&quot;fadeInUp&quot;}\">\n\t\t\t\t<div class=\"elementor-element elementor-element-281e939 elementor-tablet-align-center elementor-mobile-align-center e-transform e-transform elementor-widget-mobile__width-inherit elementor-widget elementor-widget-button\" data-id=\"281e939\" data-element_type=\"widget\" data-e-type=\"widget\" data-settings=\"{&quot;_transform_translateX_effect_hover&quot;:{&quot;unit&quot;:&quot;px&quot;,&quot;size&quot;:4,&quot;sizes&quot;:[]},&quot;_transform_translateX_effect&quot;:{&quot;unit&quot;:&quot;px&quot;,&quot;size&quot;:&quot;&quot;,&quot;sizes&quot;:[]},&quot;_transform_translateX_effect_tablet&quot;:{&quot;unit&quot;:&quot;px&quot;,&quot;size&quot;:&quot;&quot;,&quot;sizes&quot;:[]},&quot;_transform_translateX_effect_mobile&quot;:{&quot;unit&quot;:&quot;px&quot;,&quot;size&quot;:&quot;&quot;,&quot;sizes&quot;:[]},&quot;_transform_translateY_effect&quot;:{&quot;unit&quot;:&quot;px&quot;,&quot;size&quot;:&quot;&quot;,&quot;sizes&quot;:[]},&quot;_transform_translateY_effect_tablet&quot;:{&quot;unit&quot;:&quot;px&quot;,&quot;size&quot;:&quot;&quot;,&quot;sizes&quot;:[]},&quot;_transform_translateY_effect_mobile&quot;:{&quot;unit&quot;:&quot;px&quot;,&quot;size&quot;:&quot;&quot;,&quot;sizes&quot;:[]},&quot;_transform_translateX_effect_hover_tablet&quot;:{&quot;unit&quot;:&quot;px&quot;,&quot;size&quot;:&quot;&quot;,&quot;sizes&quot;:[]},&quot;_transform_translateX_effect_hover_mobile&quot;:{&quot;unit&quot;:&quot;px&quot;,&quot;size&quot;:&quot;&quot;,&quot;sizes&quot;:[]},&quot;_transform_translateY_effect_hover&quot;:{&quot;unit&quot;:&quot;px&quot;,&quot;size&quot;:&quot;&quot;,&quot;sizes&quot;:[]},&quot;_transform_translateY_effect_hover_tablet&quot;:{&quot;unit&quot;:&quot;px&quot;,&quot;size&quot;:&quot;&quot;,&quot;sizes&quot;:[]},&quot;_transform_translateY_effect_hover_mobile&quot;:{&quot;unit&quot;:&quot;px&quot;,&quot;size&quot;:&quot;&quot;,&quot;sizes&quot;:[]}}\" data-widget_type=\"button.default\">\n\t\t\t\t\t\t\t\t\t\t<a class=\"elementor-button elementor-button-link elementor-size-sm\" href=\"https:\/\/reserves.hotelcoma.com\/ca\/hotel\/hotelcoma?_gl=1*oouom5*_ga*MjEyMTc4NDczMi4xNzU5MzMyOTc4*_ga_5NGNVYS8S4*czE3NjU5NjkyNzQkbzY5JGcxJHQxNzY1OTY5OTk5JGo2MCRsMCRoMA..&#038;roomId=\" target=\"_blank\">\n\t\t\t\t\t\t<span class=\"elementor-button-content-wrapper\">\n\t\t\t\t\t\t<span class=\"elementor-button-icon\">\n\t\t\t\t<svg xmlns=\"http:\/\/www.w3.org\/2000\/svg\" width=\"36\" height=\"7\" viewBox=\"0 0 36 7\" fill=\"none\"><path d=\"M0 3.39258H32.948\" stroke=\"#EFEBE5\" stroke-width=\"2\"><\/path><path d=\"M28.9688 6.78125L32.3617 3.39025L28.9688 0.000249863H31.8477L35.2387 3.39025L31.8477 6.78125H28.9688Z\" fill=\"#EFEBE5\"><\/path><\/svg>\t\t\t<\/span>\n\t\t\t\t\t\t\t\t\t<span class=\"elementor-button-text\">Reservar ahora<\/span>\n\t\t\t\t\t<\/span>\n\t\t\t\t\t<\/a>\n\t\t\t\t\t\t\t\t<\/div>\n\t\t\t\t<\/div>\n\t\t\t\t\t<\/div>\n\t\t\t\t<\/div>\n\t\t\t\t<\/div>\n\t\t","protected":false},"excerpt":{"rendered":"<p>Un hotel pensado para ciclistas en el coraz\u00f3n de Andorra Hotel Coma Servicios, rutas y comodidades dise\u00f1adas para disfrutar de la bicicleta en los Pirineos En Hotel Coma encontrar\u00e1s instalaciones y servicios pensados especialmente para ciclistas que desean descubrir Andorra sobre dos ruedas. Formamos parte de Bikefriendly, una certificaci\u00f3n que avala nuestro compromiso con ofrecer [&hellip;]<\/p>\n","protected":false},"author":1,"featured_media":0,"parent":0,"menu_order":0,"comment_status":"closed","ping_status":"closed","template":"elementor_header_footer","meta":{"footnotes":""},"class_list":["post-5382","page","type-page","status-publish","hentry"],"yoast_head":"<!-- This site is optimized with the Yoast SEO plugin v27.5 - https:\/\/yoast.com\/product\/yoast-seo-wordpress\/ -->\n<title>Bikefriendly - Hotel Coma<\/title>\n<meta name=\"robots\" content=\"index, follow, max-snippet:-1, max-image-preview:large, max-video-preview:-1\" \/>\n<link rel=\"canonical\" href=\"https:\/\/hotelcoma.com\/es\/bikefriendly\/\" \/>\n<meta property=\"og:locale\" content=\"es_ES\" \/>\n<meta property=\"og:type\" content=\"article\" \/>\n<meta property=\"og:title\" content=\"Bikefriendly - Hotel Coma\" \/>\n<meta property=\"og:description\" content=\"Un hotel pensado para ciclistas en el coraz\u00f3n de Andorra Hotel Coma Servicios, rutas y comodidades dise\u00f1adas para disfrutar de la bicicleta en los Pirineos En Hotel Coma encontrar\u00e1s instalaciones y servicios pensados especialmente para ciclistas que desean descubrir Andorra sobre dos ruedas. Formamos parte de Bikefriendly, una certificaci\u00f3n que avala nuestro compromiso con ofrecer [&hellip;]\" \/>\n<meta property=\"og:url\" content=\"https:\/\/hotelcoma.com\/es\/bikefriendly\/\" \/>\n<meta property=\"og:site_name\" content=\"Hotel Coma\" \/>\n<meta property=\"article:modified_time\" content=\"2026-04-16T13:26:32+00:00\" \/>\n<meta property=\"og:image\" content=\"https:\/\/hotelcoma.com\/wp-content\/uploads\/2026\/04\/logo-bikefriendly.png\" \/>\n<meta name=\"twitter:card\" content=\"summary_large_image\" \/>\n<meta name=\"twitter:label1\" content=\"Tiempo de lectura\" \/>\n\t<meta name=\"twitter:data1\" content=\"2 minutos\" \/>\n<script type=\"application\/ld+json\" class=\"yoast-schema-graph\">{\"@context\":\"https:\\\/\\\/schema.org\",\"@graph\":[{\"@type\":\"WebPage\",\"@id\":\"https:\\\/\\\/hotelcoma.com\\\/es\\\/bikefriendly\\\/\",\"url\":\"https:\\\/\\\/hotelcoma.com\\\/es\\\/bikefriendly\\\/\",\"name\":\"Bikefriendly - Hotel Coma\",\"isPartOf\":{\"@id\":\"https:\\\/\\\/hotelcoma.com\\\/#website\"},\"primaryImageOfPage\":{\"@id\":\"https:\\\/\\\/hotelcoma.com\\\/es\\\/bikefriendly\\\/#primaryimage\"},\"image\":{\"@id\":\"https:\\\/\\\/hotelcoma.com\\\/es\\\/bikefriendly\\\/#primaryimage\"},\"thumbnailUrl\":\"https:\\\/\\\/hotelcoma.com\\\/wp-content\\\/uploads\\\/2026\\\/04\\\/logo-bikefriendly.png\",\"datePublished\":\"2026-02-14T01:04:22+00:00\",\"dateModified\":\"2026-04-16T13:26:32+00:00\",\"breadcrumb\":{\"@id\":\"https:\\\/\\\/hotelcoma.com\\\/es\\\/bikefriendly\\\/#breadcrumb\"},\"inLanguage\":\"es\",\"potentialAction\":[{\"@type\":\"ReadAction\",\"target\":[\"https:\\\/\\\/hotelcoma.com\\\/es\\\/bikefriendly\\\/\"]}]},{\"@type\":\"ImageObject\",\"inLanguage\":\"es\",\"@id\":\"https:\\\/\\\/hotelcoma.com\\\/es\\\/bikefriendly\\\/#primaryimage\",\"url\":\"https:\\\/\\\/hotelcoma.com\\\/wp-content\\\/uploads\\\/2026\\\/04\\\/logo-bikefriendly.png\",\"contentUrl\":\"https:\\\/\\\/hotelcoma.com\\\/wp-content\\\/uploads\\\/2026\\\/04\\\/logo-bikefriendly.png\"},{\"@type\":\"BreadcrumbList\",\"@id\":\"https:\\\/\\\/hotelcoma.com\\\/es\\\/bikefriendly\\\/#breadcrumb\",\"itemListElement\":[{\"@type\":\"ListItem\",\"position\":1,\"name\":\"Inicio\",\"item\":\"https:\\\/\\\/hotelcoma.com\\\/es\\\/\"},{\"@type\":\"ListItem\",\"position\":2,\"name\":\"Bikefriendly\"}]},{\"@type\":\"WebSite\",\"@id\":\"https:\\\/\\\/hotelcoma.com\\\/#website\",\"url\":\"https:\\\/\\\/hotelcoma.com\\\/\",\"name\":\"Hotel Coma\",\"description\":\"\",\"publisher\":{\"@id\":\"https:\\\/\\\/hotelcoma.com\\\/#organization\"},\"potentialAction\":[{\"@type\":\"SearchAction\",\"target\":{\"@type\":\"EntryPoint\",\"urlTemplate\":\"https:\\\/\\\/hotelcoma.com\\\/?s={search_term_string}\"},\"query-input\":{\"@type\":\"PropertyValueSpecification\",\"valueRequired\":true,\"valueName\":\"search_term_string\"}}],\"inLanguage\":\"es\"},{\"@type\":\"Organization\",\"@id\":\"https:\\\/\\\/hotelcoma.com\\\/#organization\",\"name\":\"Hotel Coma\",\"url\":\"https:\\\/\\\/hotelcoma.com\\\/\",\"logo\":{\"@type\":\"ImageObject\",\"inLanguage\":\"es\",\"@id\":\"https:\\\/\\\/hotelcoma.com\\\/#\\\/schema\\\/logo\\\/image\\\/\",\"url\":\"https:\\\/\\\/hotelcoma.com\\\/wp-content\\\/uploads\\\/2025\\\/11\\\/Group-22.svg\",\"contentUrl\":\"https:\\\/\\\/hotelcoma.com\\\/wp-content\\\/uploads\\\/2025\\\/11\\\/Group-22.svg\",\"width\":229,\"height\":79,\"caption\":\"Hotel Coma\"},\"image\":{\"@id\":\"https:\\\/\\\/hotelcoma.com\\\/#\\\/schema\\\/logo\\\/image\\\/\"}}]}<\/script>\n<!-- \/ Yoast SEO plugin. -->","yoast_head_json":{"title":"Bikefriendly - Hotel Coma","robots":{"index":"index","follow":"follow","max-snippet":"max-snippet:-1","max-image-preview":"max-image-preview:large","max-video-preview":"max-video-preview:-1"},"canonical":"https:\/\/hotelcoma.com\/es\/bikefriendly\/","og_locale":"es_ES","og_type":"article","og_title":"Bikefriendly - Hotel Coma","og_description":"Un hotel pensado para ciclistas en el coraz\u00f3n de Andorra Hotel Coma Servicios, rutas y comodidades dise\u00f1adas para disfrutar de la bicicleta en los Pirineos En Hotel Coma encontrar\u00e1s instalaciones y servicios pensados especialmente para ciclistas que desean descubrir Andorra sobre dos ruedas. Formamos parte de Bikefriendly, una certificaci\u00f3n que avala nuestro compromiso con ofrecer [&hellip;]","og_url":"https:\/\/hotelcoma.com\/es\/bikefriendly\/","og_site_name":"Hotel Coma","article_modified_time":"2026-04-16T13:26:32+00:00","og_image":[{"url":"https:\/\/hotelcoma.com\/wp-content\/uploads\/2026\/04\/logo-bikefriendly.png","type":"","width":"","height":""}],"twitter_card":"summary_large_image","twitter_misc":{"Tiempo de lectura":"2 minutos"},"schema":{"@context":"https:\/\/schema.org","@graph":[{"@type":"WebPage","@id":"https:\/\/hotelcoma.com\/es\/bikefriendly\/","url":"https:\/\/hotelcoma.com\/es\/bikefriendly\/","name":"Bikefriendly - Hotel Coma","isPartOf":{"@id":"https:\/\/hotelcoma.com\/#website"},"primaryImageOfPage":{"@id":"https:\/\/hotelcoma.com\/es\/bikefriendly\/#primaryimage"},"image":{"@id":"https:\/\/hotelcoma.com\/es\/bikefriendly\/#primaryimage"},"thumbnailUrl":"https:\/\/hotelcoma.com\/wp-content\/uploads\/2026\/04\/logo-bikefriendly.png","datePublished":"2026-02-14T01:04:22+00:00","dateModified":"2026-04-16T13:26:32+00:00","breadcrumb":{"@id":"https:\/\/hotelcoma.com\/es\/bikefriendly\/#breadcrumb"},"inLanguage":"es","potentialAction":[{"@type":"ReadAction","target":["https:\/\/hotelcoma.com\/es\/bikefriendly\/"]}]},{"@type":"ImageObject","inLanguage":"es","@id":"https:\/\/hotelcoma.com\/es\/bikefriendly\/#primaryimage","url":"https:\/\/hotelcoma.com\/wp-content\/uploads\/2026\/04\/logo-bikefriendly.png","contentUrl":"https:\/\/hotelcoma.com\/wp-content\/uploads\/2026\/04\/logo-bikefriendly.png"},{"@type":"BreadcrumbList","@id":"https:\/\/hotelcoma.com\/es\/bikefriendly\/#breadcrumb","itemListElement":[{"@type":"ListItem","position":1,"name":"Inicio","item":"https:\/\/hotelcoma.com\/es\/"},{"@type":"ListItem","position":2,"name":"Bikefriendly"}]},{"@type":"WebSite","@id":"https:\/\/hotelcoma.com\/#website","url":"https:\/\/hotelcoma.com\/","name":"Hotel Coma","description":"","publisher":{"@id":"https:\/\/hotelcoma.com\/#organization"},"potentialAction":[{"@type":"SearchAction","target":{"@type":"EntryPoint","urlTemplate":"https:\/\/hotelcoma.com\/?s={search_term_string}"},"query-input":{"@type":"PropertyValueSpecification","valueRequired":true,"valueName":"search_term_string"}}],"inLanguage":"es"},{"@type":"Organization","@id":"https:\/\/hotelcoma.com\/#organization","name":"Hotel Coma","url":"https:\/\/hotelcoma.com\/","logo":{"@type":"ImageObject","inLanguage":"es","@id":"https:\/\/hotelcoma.com\/#\/schema\/logo\/image\/","url":"https:\/\/hotelcoma.com\/wp-content\/uploads\/2025\/11\/Group-22.svg","contentUrl":"https:\/\/hotelcoma.com\/wp-content\/uploads\/2025\/11\/Group-22.svg","width":229,"height":79,"caption":"Hotel Coma"},"image":{"@id":"https:\/\/hotelcoma.com\/#\/schema\/logo\/image\/"}}]}},"_links":{"self":[{"href":"https:\/\/hotelcoma.com\/es\/wp-json\/wp\/v2\/pages\/5382","targetHints":{"allow":["GET"]}}],"collection":[{"href":"https:\/\/hotelcoma.com\/es\/wp-json\/wp\/v2\/pages"}],"about":[{"href":"https:\/\/hotelcoma.com\/es\/wp-json\/wp\/v2\/types\/page"}],"author":[{"embeddable":true,"href":"https:\/\/hotelcoma.com\/es\/wp-json\/wp\/v2\/users\/1"}],"replies":[{"embeddable":true,"href":"https:\/\/hotelcoma.com\/es\/wp-json\/wp\/v2\/comments?post=5382"}],"version-history":[{"count":91,"href":"https:\/\/hotelcoma.com\/es\/wp-json\/wp\/v2\/pages\/5382\/revisions"}],"predecessor-version":[{"id":7344,"href":"https:\/\/hotelcoma.com\/es\/wp-json\/wp\/v2\/pages\/5382\/revisions\/7344"}],"wp:attachment":[{"href":"https:\/\/hotelcoma.com\/es\/wp-json\/wp\/v2\/media?parent=5382"}],"curies":[{"name":"wp","href":"https:\/\/api.w.org\/{rel}","templated":true}]}}